{"id":1961,"date":"2025-10-03T17:17:10","date_gmt":"2025-10-03T17:17:10","guid":{"rendered":"https:\/\/casa-abis.zyrgon.dev\/casa-de-abis\/"},"modified":"2025-10-20T18:12:26","modified_gmt":"2025-10-20T18:12:26","slug":"casa-de-abis","status":"publish","type":"page","link":"https:\/\/casa-abis.zyrgon.dev\/en\/","title":{"rendered":"Casa de Abis"},"content":{"rendered":"\t\t<div data-elementor-type=\"wp-page\" data-elementor-id=\"1961\" class=\"elementor elementor-1961 elementor-14\" data-elementor-post-type=\"page\">\n\t\t\t\t<div class=\"elementor-element elementor-element-a73bb3a e-flex e-con-boxed e-con e-parent\" data-id=\"a73bb3a\" data-element_type=\"container\" data-settings=\"{&quot;background_background&quot;:&quot;video&quot;,&quot;background_play_on_mobile&quot;:&quot;yes&quot;,&quot;background_video_link&quot;:&quot;\\\/wp-content\\\/uploads\\\/2025\\\/10\\\/05-CASA-DE-ABIS-2022-1080p_SHORTER.mp4&quot;}\">\n\t\t\t\t\t<div class=\"e-con-inner\">\n\t\t<div class=\"elementor-background-video-container\" aria-hidden=\"true\">\n\t\t\t\t\t\t\t<video class=\"elementor-background-video-hosted\" autoplay muted playsinline loop><\/video>\n\t\t\t\t\t<\/div><div class=\"elementor-element elementor-element-b0bea85 e-con-full e-flex e-con e-child\" data-id=\"b0bea85\" data-element_type=\"container\" id=\"scroll\">\n\t\t\t\t<div class=\"elementor-element elementor-element-655aba6 icon-scroll elementor-view-default elementor-widget elementor-widget-icon\" data-id=\"655aba6\" data-element_type=\"widget\" data-widget_type=\"icon.default\">\n\t\t\t\t\t\t\t<div class=\"elementor-icon-wrapper\">\n\t\t\t<a class=\"elementor-icon\" href=\"#scroll\">\n\t\t\t<svg xmlns=\"http:\/\/www.w3.org\/2000\/svg\" width=\"44\" height=\"25\" viewBox=\"0 0 44 25\" fill=\"none\"><path d=\"M2 2L22 22L42 2\" stroke=\"#F3EFE6\" stroke-width=\"3\"><\/path><\/svg>\t\t\t<\/a>\n\t\t<\/div>\n\t\t\t\t\t\t<\/div>\n\t\t\t\t<\/div>\n\t\t\t\t\t<\/div>\n\t\t\t\t<\/div>\n\t\t<div class=\"elementor-element elementor-element-d8b5ca7 e-flex e-con-boxed e-con e-parent\" data-id=\"d8b5ca7\" data-element_type=\"container\">\n\t\t\t\t\t<div class=\"e-con-inner\">\n\t\t<div class=\"elementor-element elementor-element-bcdccb2 e-con-full e-flex e-con e-child\" data-id=\"bcdccb2\" data-element_type=\"container\">\n\t\t\t\t<div class=\"elementor-element elementor-element-161837e elementor-widget elementor-widget-image\" data-id=\"161837e\" data-element_type=\"widget\" data-widget_type=\"image.default\">\n\t\t\t\t\t\t\t\t\t\t\t\t\t\t\t<img decoding=\"async\" width=\"104\" height=\"45\" src=\"https:\/\/casa-abis.zyrgon.dev\/wp-content\/uploads\/2025\/10\/02_simbolo_logo.svg\" class=\"attachment-full size-full wp-image-1959\" alt=\"\" \/>\t\t\t\t\t\t\t\t\t\t\t\t\t\t\t<\/div>\n\t\t\t\t<div class=\"elementor-element elementor-element-c3b0036 elementor-widget__width-initial elementor-widget elementor-widget-heading\" data-id=\"c3b0036\" data-element_type=\"widget\" data-widget_type=\"heading.default\">\n\t\t\t\t\t<h2 class=\"elementor-heading-title elementor-size-default\">Ab velit esse est optio modi sit atque ducimus! Vel voluptatibus reiciendis et dolor explicabo<\/h2>\t\t\t\t<\/div>\n\t\t\t\t<\/div>\n\t\t\t\t\t<\/div>\n\t\t\t\t<\/div>\n\t\t<div class=\"elementor-element elementor-element-2f7eaa2 e-con-full e-flex e-con e-parent\" data-id=\"2f7eaa2\" data-element_type=\"container\">\n\t\t\t\t<div class=\"elementor-element elementor-element-deaea45 elementor-widget elementor-widget-zp_magic_scroll_models\" data-id=\"deaea45\" data-element_type=\"widget\" data-widget_type=\"zp_magic_scroll_models.default\">\n\t\t\t\t<div class=\"elementor-widget-container\">\n\t\t\t\t\t    <div class=\"zp-magic-scroll-models\">\n      <section class=\"zp-magic-slide\">\t\t<div data-elementor-type=\"section\" data-elementor-id=\"321\" class=\"elementor elementor-321\" data-elementor-post-type=\"elementor_library\">\n\t\t\t<div class=\"elementor-element elementor-element-5ac59b8 e-flex e-con-boxed e-con e-parent\" data-id=\"5ac59b8\" data-element_type=\"container\" data-settings=\"{&quot;background_background&quot;:&quot;classic&quot;}\">\n\t\t\t\t\t<div class=\"e-con-inner\">\n\t\t<div class=\"premium-parallax-section-hide elementor-element elementor-element-16f26e2 e-con-full premium-parallax-yes e-flex e-con e-child\" data-pa-parallax=\"{&quot;type&quot;:&quot;scroll&quot;,&quot;speed&quot;:&quot;&quot;,&quot;android&quot;:1,&quot;ios&quot;:1,&quot;size&quot;:&quot;cover&quot;,&quot;repeat&quot;:&quot;no-repeat&quot;}\" data-id=\"16f26e2\" data-element_type=\"container\">\n\t\t\t\t<div class=\"elementor-element elementor-element-76d9467 elementor-widget elementor-widget-heading\" data-id=\"76d9467\" data-element_type=\"widget\" data-widget_type=\"heading.default\">\n\t\t\t\t\t<h2 class=\"elementor-heading-title elementor-size-default\">Eventos que realizamos<\/h2>\t\t\t\t<\/div>\n\t\t\t\t<div class=\"elementor-element elementor-element-b25e03a elementor-widget elementor-widget-heading\" data-id=\"b25e03a\" data-element_type=\"widget\" data-widget_type=\"heading.default\">\n\t\t\t\t\t<h2 class=\"elementor-heading-title elementor-size-default\">casamento<\/h2>\t\t\t\t<\/div>\n\t\t\t\t<div class=\"elementor-element elementor-element-f827867 elementor-widget-divider--view-line elementor-widget elementor-widget-divider\" data-id=\"f827867\" data-element_type=\"widget\" data-widget_type=\"divider.default\">\n\t\t\t\t\t\t\t<div class=\"elementor-divider\">\n\t\t\t<span class=\"elementor-divider-separator\">\n\t\t\t\t\t\t<\/span>\n\t\t<\/div>\n\t\t\t\t\t\t<\/div>\n\t\t\t\t<div class=\"elementor-element elementor-element-b1bd1df elementor-widget-tablet__width-initial elementor-widget elementor-widget-text-editor\" data-id=\"b1bd1df\" data-element_type=\"widget\" data-widget_type=\"text-editor.default\">\n\t\t\t\t\t\t\t\t\t<p>H\u00e1 dias que n\u00e3o se repetem. <br>Merecem ser vividos com intensidade, beleza e prop\u00f3sito.<br>Na nossa quinta, cada casamento \u00e9 cuidadosamente planeado e conduzido com o mais alto padr\u00e3o de exig\u00eancia. <br>O espa\u00e7o adapta-se ao vosso estilo, os detalhes contam a vossa hist\u00f3ria. Com 30 anos de experi\u00eancia e uma equipa dedicada, concretizamos o que imaginaram para este dia t\u00e3o especial.<\/p>\t\t\t\t\t\t\t\t<\/div>\n\t\t\t\t<div class=\"elementor-element elementor-element-a9c39bc elementor-widget elementor-widget-button\" data-id=\"a9c39bc\" data-element_type=\"widget\" data-widget_type=\"button.default\">\n\t\t\t\t\t\t\t\t\t\t<a class=\"elementor-button elementor-button-link elementor-size-sm\" href=\"https:\/\/casa-abis.zyrgon.dev\/casamentos\/\">\n\t\t\t\t\t\t<span class=\"elementor-button-content-wrapper\">\n\t\t\t\t\t\t\t\t\t<span class=\"elementor-button-text\">Celebre connosco<\/span>\n\t\t\t\t\t<\/span>\n\t\t\t\t\t<\/a>\n\t\t\t\t\t\t\t\t<\/div>\n\t\t\t\t<\/div>\n\t\t\t\t\t<\/div>\n\t\t\t\t<\/div>\n\t\t\t\t<\/div>\n\t\t<\/section><section class=\"zp-magic-slide\">\t\t<div data-elementor-type=\"section\" data-elementor-id=\"334\" class=\"elementor elementor-334\" data-elementor-post-type=\"elementor_library\">\n\t\t\t<div class=\"elementor-element elementor-element-97d0f30 e-flex e-con-boxed e-con e-parent\" data-id=\"97d0f30\" data-element_type=\"container\" data-settings=\"{&quot;background_background&quot;:&quot;classic&quot;}\">\n\t\t\t\t\t<div class=\"e-con-inner\">\n\t\t<div class=\"premium-parallax-section-hide elementor-element elementor-element-f5ca1d0 e-con-full premium-parallax-yes e-flex e-con e-child\" data-pa-parallax=\"{&quot;type&quot;:&quot;scroll&quot;,&quot;speed&quot;:&quot;&quot;,&quot;android&quot;:1,&quot;ios&quot;:1,&quot;size&quot;:&quot;cover&quot;,&quot;repeat&quot;:&quot;no-repeat&quot;}\" data-id=\"f5ca1d0\" data-element_type=\"container\">\n\t\t\t\t<div class=\"elementor-element elementor-element-4ad6d65 elementor-widget elementor-widget-heading\" data-id=\"4ad6d65\" data-element_type=\"widget\" data-widget_type=\"heading.default\">\n\t\t\t\t\t<h2 class=\"elementor-heading-title elementor-size-default\">Eventos que realizamos<\/h2>\t\t\t\t<\/div>\n\t\t\t\t<div class=\"elementor-element elementor-element-27617bd elementor-widget elementor-widget-heading\" data-id=\"27617bd\" data-element_type=\"widget\" data-widget_type=\"heading.default\">\n\t\t\t\t\t<h2 class=\"elementor-heading-title elementor-size-default\">corporativo<\/h2>\t\t\t\t<\/div>\n\t\t\t\t<div class=\"elementor-element elementor-element-b8a121e elementor-widget-divider--view-line elementor-widget elementor-widget-divider\" data-id=\"b8a121e\" data-element_type=\"widget\" data-widget_type=\"divider.default\">\n\t\t\t\t\t\t\t<div class=\"elementor-divider\">\n\t\t\t<span class=\"elementor-divider-separator\">\n\t\t\t\t\t\t<\/span>\n\t\t<\/div>\n\t\t\t\t\t\t<\/div>\n\t\t\t\t<div class=\"elementor-element elementor-element-738dc49 elementor-widget-tablet__width-initial elementor-widget elementor-widget-text-editor\" data-id=\"738dc49\" data-element_type=\"widget\" data-widget_type=\"text-editor.default\">\n\t\t\t\t\t\t\t\t\t<p>Networking com inten\u00e7\u00e3o. Festas de empresa que inspiram. Lan\u00e7amentos que se destacam. Na Casa de ABIS, os eventos corporativos s\u00e3o concebidos para surpreender, envolver e ficar na mem\u00f3ria.\u2028 <br \/>Workshops, forma\u00e7\u00f5es, festas de Natal, apresenta\u00e7\u00f5es de produto ou eventos culturais. Tudo \u00e9 poss\u00edvel. A complexidade nunca nos impediu de entregar com excel\u00eancia.<br \/>Um evento fiel \u00e0 vis\u00e3o da empresa. Com identidade e significado.<\/p>\t\t\t\t\t\t\t\t<\/div>\n\t\t\t\t<div class=\"elementor-element elementor-element-bafcb2e elementor-widget elementor-widget-button\" data-id=\"bafcb2e\" data-element_type=\"widget\" data-widget_type=\"button.default\">\n\t\t\t\t\t\t\t\t\t\t<a class=\"elementor-button elementor-button-link elementor-size-sm\" href=\"https:\/\/casa-abis.zyrgon.dev\/corporativo\/\">\n\t\t\t\t\t\t<span class=\"elementor-button-content-wrapper\">\n\t\t\t\t\t\t\t\t\t<span class=\"elementor-button-text\">Solu\u00e7\u00f5es para empresas<\/span>\n\t\t\t\t\t<\/span>\n\t\t\t\t\t<\/a>\n\t\t\t\t\t\t\t\t<\/div>\n\t\t\t\t<\/div>\n\t\t\t\t\t<\/div>\n\t\t\t\t<\/div>\n\t\t\t\t<\/div>\n\t\t<\/section><section class=\"zp-magic-slide\">\t\t<div data-elementor-type=\"section\" data-elementor-id=\"338\" class=\"elementor elementor-338\" data-elementor-post-type=\"elementor_library\">\n\t\t\t<div class=\"elementor-element elementor-element-ca7c3eb e-flex e-con-boxed e-con e-parent\" data-id=\"ca7c3eb\" data-element_type=\"container\" data-settings=\"{&quot;background_background&quot;:&quot;classic&quot;}\">\n\t\t\t\t\t<div class=\"e-con-inner\">\n\t\t<div class=\"premium-parallax-section-hide elementor-element elementor-element-c6130fa e-con-full premium-parallax-yes e-flex e-con e-child\" data-pa-parallax=\"{&quot;type&quot;:&quot;scroll&quot;,&quot;speed&quot;:&quot;&quot;,&quot;android&quot;:1,&quot;ios&quot;:1,&quot;size&quot;:&quot;cover&quot;,&quot;repeat&quot;:&quot;no-repeat&quot;}\" data-id=\"c6130fa\" data-element_type=\"container\">\n\t\t\t\t<div class=\"elementor-element elementor-element-18c2e82 elementor-widget elementor-widget-heading\" data-id=\"18c2e82\" data-element_type=\"widget\" data-widget_type=\"heading.default\">\n\t\t\t\t\t<h2 class=\"elementor-heading-title elementor-size-default\">Eventos que realizamos<\/h2>\t\t\t\t<\/div>\n\t\t\t\t<div class=\"elementor-element elementor-element-0c5c6da elementor-widget elementor-widget-heading\" data-id=\"0c5c6da\" data-element_type=\"widget\" data-widget_type=\"heading.default\">\n\t\t\t\t\t<h2 class=\"elementor-heading-title elementor-size-default\">Celebra\u00e7\u00f5es<\/h2>\t\t\t\t<\/div>\n\t\t\t\t<div class=\"elementor-element elementor-element-1721080 elementor-widget-divider--view-line elementor-widget elementor-widget-divider\" data-id=\"1721080\" data-element_type=\"widget\" data-widget_type=\"divider.default\">\n\t\t\t\t\t\t\t<div class=\"elementor-divider\">\n\t\t\t<span class=\"elementor-divider-separator\">\n\t\t\t\t\t\t<\/span>\n\t\t<\/div>\n\t\t\t\t\t\t<\/div>\n\t\t\t\t<div class=\"elementor-element elementor-element-f1c5add elementor-widget-tablet__width-initial elementor-widget elementor-widget-text-editor\" data-id=\"f1c5add\" data-element_type=\"widget\" data-widget_type=\"text-editor.default\">\n\t\t\t\t\t\t\t\t\t<p>Batizados, anivers\u00e1rios, festas privadas com simplicidade e rigor.<br><\/p><p>Acompanhamos cada celebra\u00e7\u00e3o de forma pr\u00f3xima, do planeamento \u00e0 realiza\u00e7\u00e3o. Dispomos de v\u00e1rios espa\u00e7os com caracter\u00edsticas \u00fanicas, pensados para diferentes tipos de evento. Cada detalhe \u00e9 ajustado \u00e0s suas prefer\u00eancias, para que o dia tenha exatamente o ambiente que deseja.<\/p>\t\t\t\t\t\t\t\t<\/div>\n\t\t\t\t<div class=\"elementor-element elementor-element-f2aec62 elementor-widget elementor-widget-button\" data-id=\"f2aec62\" data-element_type=\"widget\" data-widget_type=\"button.default\">\n\t\t\t\t\t\t\t\t\t\t<a class=\"elementor-button elementor-button-link elementor-size-sm\" href=\"https:\/\/casa-abis.zyrgon.dev\/eventos\/\">\n\t\t\t\t\t\t<span class=\"elementor-button-content-wrapper\">\n\t\t\t\t\t\t\t\t\t<span class=\"elementor-button-text\">\u2028Crie mem\u00f3rias connosco<\/span>\n\t\t\t\t\t<\/span>\n\t\t\t\t\t<\/a>\n\t\t\t\t\t\t\t\t<\/div>\n\t\t\t\t<\/div>\n\t\t\t\t\t<\/div>\n\t\t\t\t<\/div>\n\t\t\t\t<\/div>\n\t\t<\/section>    <\/div>\n    \n<script>\n(function($) {\n  $(window).on(\"elementor\/frontend\/init\", function () {\n    if (typeof gsap === \"undefined\" || typeof ScrollTrigger === \"undefined\") {\n      console.warn(\"\u26a0\ufe0f GSAP ainda n\u00e3o carregado, tentando novamente...\");\n      const waitForGSAP = setInterval(() => {\n        if (typeof gsap !== \"undefined\" && typeof ScrollTrigger !== \"undefined\") {\n          clearInterval(waitForGSAP);\n          startMagicScroll();\n        }\n      }, 200);\n      return;\n    }\n    startMagicScroll();\n\n    function startMagicScroll() {\n      gsap.registerPlugin(ScrollTrigger);\n\n      const slides = gsap.utils.toArray(\".zp-magic-slide\");\n      if (!slides.length) return;\n\n      slides.forEach((slide, i) => {\n        const isLast = i === slides.length - 1;\n        if (isLast) return;\n\n        ScrollTrigger.create({\n          trigger: slide,\n          start: \"top top\",\n          pin: true,\n          pinSpacing: false,\n          scrub: true,\n          anticipatePin: 1\n        });\n      });\n    }\n  });\n})(jQuery);\n<\/script>\n\n\n    \n    \t\t\t\t<\/div>\n\t\t\t\t<\/div>\n\t\t\t\t<\/div>\n\t\t<div class=\"elementor-element elementor-element-0516c81 e-flex e-con-boxed e-con e-parent\" data-id=\"0516c81\" data-element_type=\"container\">\n\t\t\t\t\t<div class=\"e-con-inner\">\n\t\t<div class=\"elementor-element elementor-element-9625f39 e-con-full e-flex e-con e-child\" data-id=\"9625f39\" data-element_type=\"container\">\n\t\t\t\t<div class=\"elementor-element elementor-element-dc32aad elementor-widget elementor-widget-heading\" data-id=\"dc32aad\" data-element_type=\"widget\" data-widget_type=\"heading.default\">\n\t\t\t\t\t<h2 class=\"elementor-heading-title elementor-size-default\">Novidades<\/h2>\t\t\t\t<\/div>\n\t\t\t\t<div class=\"elementor-element elementor-element-c694433 elementor-widget elementor-widget-heading\" data-id=\"c694433\" data-element_type=\"widget\" data-widget_type=\"heading.default\">\n\t\t\t\t\t<h2 class=\"elementor-heading-title elementor-size-default\">Blog<\/h2>\t\t\t\t<\/div>\n\t\t\t\t<div class=\"elementor-element elementor-element-949e766 elementor-widget-divider--view-line elementor-widget elementor-widget-divider\" data-id=\"949e766\" data-element_type=\"widget\" data-widget_type=\"divider.default\">\n\t\t\t\t\t\t\t<div class=\"elementor-divider\">\n\t\t\t<span class=\"elementor-divider-separator\">\n\t\t\t\t\t\t<\/span>\n\t\t<\/div>\n\t\t\t\t\t\t<\/div>\n\t\t\t\t<div class=\"elementor-element elementor-element-6db7571 elementor-widget elementor-widget-button\" data-id=\"6db7571\" data-element_type=\"widget\" data-widget_type=\"button.default\">\n\t\t\t\t\t\t\t\t\t\t<a class=\"elementor-button elementor-button-link elementor-size-sm\" href=\"https:\/\/casa-abis.zyrgon.dev\/blog\/\">\n\t\t\t\t\t\t<span class=\"elementor-button-content-wrapper\">\n\t\t\t\t\t\t\t\t\t<span class=\"elementor-button-text\">ver todos os artigos<\/span>\n\t\t\t\t\t<\/span>\n\t\t\t\t\t<\/a>\n\t\t\t\t\t\t\t\t<\/div>\n\t\t\t\t<\/div>\n\t\t\t\t\t<\/div>\n\t\t\t\t<\/div>\n\t\t\t\t<\/div>\n\t\t","protected":false},"excerpt":{"rendered":"<p>Ab velit esse est optio modi sit atque ducimus! Vel voluptatibus reiciendis et dolor explicabo Eventos que realizamos casamento Oferecemos um espa\u00e7o multifacetado, repleto de servi\u00e7os que responde aos seus requisitos.\u2028Com uma equipa profissional e 13 anos de experi\u00eancia, para tornar o vosso dia inesquec\u00edvel. Celebre connosco Eventos que realizamos corporativo Transforme os seus eventos [&hellip;]<\/p>\n","protected":false},"author":2,"featured_media":0,"parent":0,"menu_order":0,"comment_status":"closed","ping_status":"closed","template":"","meta":{"inline_featured_image":false,"footnotes":""},"class_list":["post-1961","page","type-page","status-publish","hentry"],"_links":{"self":[{"href":"https:\/\/casa-abis.zyrgon.dev\/en\/wp-json\/wp\/v2\/pages\/1961","targetHints":{"allow":["GET"]}}],"collection":[{"href":"https:\/\/casa-abis.zyrgon.dev\/en\/wp-json\/wp\/v2\/pages"}],"about":[{"href":"https:\/\/casa-abis.zyrgon.dev\/en\/wp-json\/wp\/v2\/types\/page"}],"author":[{"embeddable":true,"href":"https:\/\/casa-abis.zyrgon.dev\/en\/wp-json\/wp\/v2\/users\/2"}],"replies":[{"embeddable":true,"href":"https:\/\/casa-abis.zyrgon.dev\/en\/wp-json\/wp\/v2\/comments?post=1961"}],"version-history":[{"count":1,"href":"https:\/\/casa-abis.zyrgon.dev\/en\/wp-json\/wp\/v2\/pages\/1961\/revisions"}],"predecessor-version":[{"id":1965,"href":"https:\/\/casa-abis.zyrgon.dev\/en\/wp-json\/wp\/v2\/pages\/1961\/revisions\/1965"}],"wp:attachment":[{"href":"https:\/\/casa-abis.zyrgon.dev\/en\/wp-json\/wp\/v2\/media?parent=1961"}],"curies":[{"name":"wp","href":"https:\/\/api.w.org\/{rel}","templated":true}]}}